{"id":369,"date":"2018-03-01T13:14:19","date_gmt":"2018-03-01T13:14:19","guid":{"rendered":"https:\/\/fildis.it\/?page_id=369"},"modified":"2021-05-11T13:35:57","modified_gmt":"2021-05-11T13:35:57","slug":"presentazione","status":"publish","type":"page","link":"https:\/\/fildis.it\/fr\/presentazione\/","title":{"rendered":"Pr\u00e9sentation"},"content":{"rendered":"<p>[et_pb_section fb_built=&#8221;1&#8243; module_id=&#8221;md_chisiamo&#8221; _builder_version=&#8221;3.22&#8243; background_color=&#8221;#ffffff&#8221;][et_pb_row make_equal=&#8221;on&#8221; _builder_version=&#8221;3.25&#8243; background_size=&#8221;initial&#8221; background_position=&#8221;top_left&#8221; background_repeat=&#8221;repeat&#8221;][et_pb_column type=&#8221;4_4&#8243; _builder_version=&#8221;3.25&#8243; background_color=&#8221;#ffffff&#8221; custom_padding=&#8221;|||&#8221; custom_padding__hover=&#8221;|||&#8221;][et_pb_image src=&#8221;https:\/\/fildis.it\/wp-content\/uploads\/2018\/03\/slide_presentazione.jpg&#8221; show_bottom_space=&#8221;off&#8221; align_tablet=&#8221;center&#8221; align_phone=&#8221;&#8221; align_last_edited=&#8221;on|desktop&#8221; _builder_version=&#8221;3.23&#8243;]&nbsp;<br \/>\n[\/et_pb_image][et_pb_cta title=&#8221;Presentazione&#8221; button_url=&#8221;#&#8221; admin_label=&#8221;Presentazione&#8221; _builder_version=&#8221;4.9.3&#8243; header_font=&#8221;|700|||||||&#8221; header_font_size=&#8221;30&#8243; header_letter_spacing=&#8221;1px&#8221; header_line_height=&#8221;1.3em&#8221; body_font_size=&#8221;15&#8243; body_letter_spacing=&#8221;1px&#8221; background_color=&#8221;rgba(232,232,232,0.57)&#8221; custom_button=&#8221;on&#8221; button_use_icon=&#8221;off&#8221; text_orientation=&#8221;left&#8221; background_layout=&#8221;light&#8221; button_text_size__hover_enabled=&#8221;off&#8221; button_one_text_size__hover_enabled=&#8221;off&#8221; button_two_text_size__hover_enabled=&#8221;off&#8221; button_text_color__hover_enabled=&#8221;off&#8221; button_one_text_color__hover_enabled=&#8221;off&#8221; button_two_text_color__hover_enabled=&#8221;off&#8221; button_border_width__hover_enabled=&#8221;off&#8221; button_one_border_width__hover_enabled=&#8221;off&#8221; button_two_border_width__hover_enabled=&#8221;off&#8221; button_border_color__hover_enabled=&#8221;off&#8221; button_one_border_color__hover_enabled=&#8221;off&#8221; button_two_border_color__hover_enabled=&#8221;off&#8221; button_border_radius__hover_enabled=&#8221;off&#8221; button_one_border_radius__hover_enabled=&#8221;off&#8221; button_two_border_radius__hover_enabled=&#8221;off&#8221; button_letter_spacing__hover_enabled=&#8221;off&#8221; button_one_letter_spacing__hover_enabled=&#8221;off&#8221; button_two_letter_spacing__hover_enabled=&#8221;off&#8221; button_bg_color__hover_enabled=&#8221;off&#8221; button_one_bg_color__hover_enabled=&#8221;off&#8221; button_two_bg_color__hover_enabled=&#8221;off&#8221;]<\/p>\n<p><img loading=\"lazy\" decoding=\"async\" data-attachment-id=\"295\" data-permalink=\"https:\/\/fildis.it\/fr\/homepage\/linea_rossa\/\" data-orig-file=\"https:\/\/fildis.it\/wp-content\/uploads\/2017\/12\/linea_rossa.jpg\" data-orig-size=\"70,3\" data-comments-opened=\"0\" data-image-meta=\"{&quot;aperture&quot;:&quot;0&quot;,&quot;credit&quot;:&quot;&quot;,&quot;camera&quot;:&quot;&quot;,&quot;caption&quot;:&quot;&quot;,&quot;created_timestamp&quot;:&quot;0&quot;,&quot;copyright&quot;:&quot;&quot;,&quot;focal_length&quot;:&quot;0&quot;,&quot;iso&quot;:&quot;0&quot;,&quot;shutter_speed&quot;:&quot;0&quot;,&quot;title&quot;:&quot;&quot;,&quot;orientation&quot;:&quot;0&quot;}\" data-image-title=\"linea_rossa\" data-image-description=\"\" data-image-caption=\"\" data-large-file=\"https:\/\/fildis.it\/wp-content\/uploads\/2017\/12\/linea_rossa.jpg\" class=\"alignnone size-full wp-image-295\" src=\"https:\/\/fildis.it\/wp-content\/uploads\/2017\/12\/linea_rossa.jpg\" alt=\"\" width=\"70\" height=\"3\" \/><\/p>\n<p>Forti di un solido e comprovato know-how professionale improntato ad una visione ingegneristica, operiamo sul mercato con attivit\u00e0 di <strong>progettazione, installazione e direzione lavori<\/strong> nell\u2019impiantistica meccanica elettrica industriale e civile.<\/p>\n<p>La grande esperienza maturata <strong>nell\u2019ingegneria meccanica<\/strong> <strong>energetica<\/strong> e pi\u00f9 specificatamente nel campo della tecnologia adiabatica e dell\u2019uso del diagramma dell\u2019aria, ha reso possibile l\u2019acquisizione di uno specifico expertise nel <strong>condizionamento dell\u2019aria industriale<\/strong>.<\/p>\n<p>Alla progettazione assemblaggio e installazione meccanica si unisce la medesima attivit\u00e0 per <strong>impianti elettrici<\/strong> sia in bassa e media tensione completati dalla realizzazione di quadri elettrici di distribuzione e automazione.<\/p>\n<p>La societ\u00e0 negli ultimi anni ha creato al proprio interno una divisione dedicata al servizio di <strong>Qualifica degli impianti farmaceutici e mappatura<\/strong> stagionale delle condizioni ambientali delle aree di produzione\/conservazione del farmaco.<\/p>\n<p>La progettazione e installazione di impianti \u00e8 analoga anche nel settore edile ad <strong>uso terziario e civile di pregio<\/strong>, in contesti dove le esigenze architettoniche richiedono soluzioni ad alto valore aggiunto.<\/p>\n<p>La professionalit\u00e0, flessibilit\u00e0 e capacit\u00e0 di risposta alle esigenze del cliente connotano da sempre il nostro servizio: non solo realizziamo impianti chiavi in mano e su misura, ma creiamo importanti sinergie con la direzione lavori del committente.<\/p>\n<p>[\/et_pb_cta][\/et_pb_column][\/et_pb_row][\/et_pb_section][et_pb_section fb_built=&#8221;1&#8243; module_id=&#8221;md_lista_impianti&#8221; _builder_version=&#8221;3.22&#8243; background_color=&#8221;#e8e8e8&#8243;][et_pb_row make_equal=&#8221;on&#8221; module_id=&#8221;md_servizi_1&#8243; _builder_version=&#8221;3.25&#8243;][et_pb_column type=&#8221;4_4&#8243; _builder_version=&#8221;3.25&#8243; background_color=&#8221;#e8e8e8&#8243; custom_padding=&#8221;|||&#8221; custom_padding__hover=&#8221;|||&#8221;][et_pb_cta title=&#8221;I nostri impianti&#8221; button_url=&#8221;#&#8221; admin_label=&#8221;I nostri impianti&#8221; _builder_version=&#8221;3.16&#8243; header_font=&#8221;|700|||||||&#8221; header_font_size=&#8221;30&#8243; header_letter_spacing=&#8221;1px&#8221; header_line_height=&#8221;1.3em&#8221; body_font_size=&#8221;15&#8243; body_letter_spacing=&#8221;1px&#8221; use_background_color=&#8221;off&#8221; custom_button=&#8221;on&#8221; button_use_icon=&#8221;off&#8221; text_orientation=&#8221;left&#8221; background_layout=&#8221;light&#8221; hover_enabled=&#8221;0&#8243; button_text_size__hover_enabled=&#8221;off&#8221; button_one_text_size__hover_enabled=&#8221;off&#8221; button_two_text_size__hover_enabled=&#8221;off&#8221; button_text_color__hover_enabled=&#8221;off&#8221; button_one_text_color__hover_enabled=&#8221;off&#8221; button_two_text_color__hover_enabled=&#8221;off&#8221; button_border_width__hover_enabled=&#8221;off&#8221; button_one_border_width__hover_enabled=&#8221;off&#8221; button_two_border_width__hover_enabled=&#8221;off&#8221; button_border_color__hover_enabled=&#8221;off&#8221; button_one_border_color__hover_enabled=&#8221;off&#8221; button_two_border_color__hover_enabled=&#8221;off&#8221; button_border_radius__hover_enabled=&#8221;off&#8221; button_one_border_radius__hover_enabled=&#8221;off&#8221; button_two_border_radius__hover_enabled=&#8221;off&#8221; button_letter_spacing__hover_enabled=&#8221;off&#8221; button_one_letter_spacing__hover_enabled=&#8221;off&#8221; button_two_letter_spacing__hover_enabled=&#8221;off&#8221; button_bg_color__hover_enabled=&#8221;off&#8221; button_one_bg_color__hover_enabled=&#8221;off&#8221; button_two_bg_color__hover_enabled=&#8221;off&#8221; sticky_enabled=&#8221;0&#8243;]<img loading=\"lazy\" decoding=\"async\" data-attachment-id=\"295\" data-permalink=\"https:\/\/fildis.it\/fr\/homepage\/linea_rossa\/\" data-orig-file=\"https:\/\/fildis.it\/wp-content\/uploads\/2017\/12\/linea_rossa.jpg\" data-orig-size=\"70,3\" data-comments-opened=\"0\" data-image-meta=\"{&quot;aperture&quot;:&quot;0&quot;,&quot;credit&quot;:&quot;&quot;,&quot;camera&quot;:&quot;&quot;,&quot;caption&quot;:&quot;&quot;,&quot;created_timestamp&quot;:&quot;0&quot;,&quot;copyright&quot;:&quot;&quot;,&quot;focal_length&quot;:&quot;0&quot;,&quot;iso&quot;:&quot;0&quot;,&quot;shutter_speed&quot;:&quot;0&quot;,&quot;title&quot;:&quot;&quot;,&quot;orientation&quot;:&quot;0&quot;}\" data-image-title=\"linea_rossa\" data-image-description=\"\" data-image-caption=\"\" data-large-file=\"https:\/\/fildis.it\/wp-content\/uploads\/2017\/12\/linea_rossa.jpg\" class=\"alignnone size-full wp-image-295\" src=\"https:\/\/fildis.it\/wp-content\/uploads\/2017\/12\/linea_rossa.jpg\" alt=\"\" width=\"70\" height=\"3\" \/><br \/>\n[\/et_pb_cta][\/et_pb_column][\/et_pb_row][et_pb_row use_custom_gutter=&#8221;on&#8221; gutter_width=&#8221;2&#8243; make_equal=&#8221;on&#8221; module_id=&#8221;md_impianti&#8221; _builder_version=&#8221;3.25&#8243;][et_pb_column type=&#8221;4_4&#8243; _builder_version=&#8221;3.25&#8243; custom_padding=&#8221;|||&#8221; custom_padding__hover=&#8221;|||&#8221;][et_pb_portfolio posts_number=&#8221;6&#8243; include_categories=&#8221;13&#8243; show_categories=&#8221;off&#8221; show_pagination=&#8221;off&#8221; _builder_version=&#8221;3.0.89&#8243; pagination_font_size_tablet=&#8221;51&#8243; pagination_line_height_tablet=&#8221;2&#8243;][\/et_pb_portfolio][\/et_pb_column][\/et_pb_row][\/et_pb_section]<\/p>\n","protected":false},"excerpt":{"rendered":"<p>&nbsp; Forti di un solido e comprovato know-how professionale improntato ad una visione ingegneristica, operiamo sul mercato con attivit\u00e0 di progettazione, installazione e direzione lavori nell\u2019impiantistica meccanica elettrica industriale e civile. La grande esperienza maturata nell\u2019ingegneria meccanica energetica e pi\u00f9 specificatamente nel campo della tecnologia adiabatica e dell\u2019uso del diagramma dell\u2019aria, ha reso possibile l\u2019acquisizione [&hellip;]<\/p>\n","protected":false},"author":4,"featured_media":0,"parent":0,"menu_order":0,"comment_status":"closed","ping_status":"closed","template":"","meta":{"_et_pb_use_builder":"on","_et_pb_old_content":"","_et_gb_content_width":"","_exactmetrics_skip_tracking":false,"_exactmetrics_sitenote_active":false,"_exactmetrics_sitenote_note":"","_exactmetrics_sitenote_category":0,"footnotes":""},"class_list":["post-369","page","type-page","status-publish","hentry"],"jetpack_shortlink":"https:\/\/wp.me\/PcX0Oz-5X","jetpack_sharing_enabled":true,"_links":{"self":[{"href":"https:\/\/fildis.it\/fr\/wp-json\/wp\/v2\/pages\/369","targetHints":{"allow":["GET"]}}],"collection":[{"href":"https:\/\/fildis.it\/fr\/wp-json\/wp\/v2\/pages"}],"about":[{"href":"https:\/\/fildis.it\/fr\/wp-json\/wp\/v2\/types\/page"}],"author":[{"embeddable":true,"href":"https:\/\/fildis.it\/fr\/wp-json\/wp\/v2\/users\/4"}],"replies":[{"embeddable":true,"href":"https:\/\/fildis.it\/fr\/wp-json\/wp\/v2\/comments?post=369"}],"version-history":[{"count":32,"href":"https:\/\/fildis.it\/fr\/wp-json\/wp\/v2\/pages\/369\/revisions"}],"predecessor-version":[{"id":1190,"href":"https:\/\/fildis.it\/fr\/wp-json\/wp\/v2\/pages\/369\/revisions\/1190"}],"wp:attachment":[{"href":"https:\/\/fildis.it\/fr\/wp-json\/wp\/v2\/media?parent=369"}],"curies":[{"name":"wp","href":"https:\/\/api.w.org\/{rel}","templated":true}]}}